{"id":17,"date":"2022-04-05T08:11:38","date_gmt":"2022-04-05T08:11:38","guid":{"rendered":"https:\/\/tvinter.se\/?page_id=17"},"modified":"2022-04-05T12:34:38","modified_gmt":"2022-04-05T12:34:38","slug":"ge-en-gava","status":"publish","type":"page","link":"https:\/\/tvinter.se\/?page_id=17","title":{"rendered":"St\u00f6d oss"},"content":{"rendered":"<p>[et_pb_section fb_built=&#8221;1&#8243; _builder_version=&#8221;3.19.14&#8243; use_background_color_gradient=&#8221;on&#8221; background_color_gradient_start=&#8221;rgba(0,0,0,0.44)&#8221; background_color_gradient_end=&#8221;rgba(255,255,255,0.1)&#8221; background_color_gradient_overlays_image=&#8221;on&#8221; background_image=&#8221;https:\/\/tvinter.se\/wp-content\/uploads\/2022\/04\/svartvit-sto\u0308d-oss.jpg&#8221;][et_pb_row _builder_version=&#8221;3.19.14&#8243;][et_pb_column type=&#8221;4_4&#8243; _builder_version=&#8221;3.19.14&#8243;][et_pb_divider show_divider=&#8221;off&#8221; height=&#8221;70px&#8221; _builder_version=&#8221;3.19.14&#8243;][\/et_pb_divider][et_pb_text _builder_version=&#8221;3.19.14&#8243; header_font=&#8221;|800|||||||&#8221; header_text_color=&#8221;#ffffff&#8221; header_font_size=&#8221;70px&#8221;]<\/p>\n<h1 style=\"text-align: center;\"><strong>St\u00f6d oss<\/strong><\/h1>\n<p>[\/et_pb_text][et_pb_divider show_divider=&#8221;off&#8221; height=&#8221;60px&#8221; _builder_version=&#8221;3.19.14&#8243;][\/et_pb_divider][\/et_pb_column][\/et_pb_row][\/et_pb_section][et_pb_section fb_built=&#8221;1&#8243; _builder_version=&#8221;3.19.14&#8243;][et_pb_row use_custom_width=&#8221;on&#8221; _builder_version=&#8221;3.19.14&#8243;][et_pb_column type=&#8221;4_4&#8243; _builder_version=&#8221;3.19.14&#8243;][et_pb_text _builder_version=&#8221;3.19.14&#8243; text_font=&#8221;||||||||&#8221; text_font_size=&#8221;20px&#8221;]<\/p>\n<h1 style=\"text-align: center;\"><strong>Ditt st\u00f6d g\u00f6r skillnad!<\/strong><\/h1>\n<h5 style=\"text-align: center;\">Tack vare m\u00e5nga trogna givare kan vi forts\u00e4tta producera och s\u00e4nda kristen TV f\u00f6r att n\u00e5 m\u00e4nniskor med evangeliet om Jesus.<\/h5>\n<p>[\/et_pb_text][\/et_pb_column][\/et_pb_row][et_pb_row _builder_version=&#8221;3.19.14&#8243;][et_pb_column type=&#8221;1_3&#8243; _builder_version=&#8221;3.19.14&#8243;][et_pb_text _builder_version=&#8221;3.19.14&#8243;]<\/p>\n<h1 style=\"text-align: center;\"><strong>SWISH<\/strong><\/h1>\n<p>[\/et_pb_text][et_pb_text _builder_version=&#8221;3.19.14&#8243;]<\/p>\n<h2 style=\"text-align: center;\"><strong>9006206<\/strong><\/h2>\n<p>[\/et_pb_text][\/et_pb_column][et_pb_column type=&#8221;1_3&#8243; _builder_version=&#8221;3.19.14&#8243;][et_pb_text _builder_version=&#8221;3.19.14&#8243;]<\/p>\n<h1 style=\"text-align: center;\"><strong>BANKGIRO<\/strong><\/h1>\n<p>[\/et_pb_text][et_pb_text _builder_version=&#8221;3.19.14&#8243;]<\/p>\n<h2 style=\"text-align: center;\"><strong>90 06 20-6<\/strong><\/h2>\n<p>[\/et_pb_text][\/et_pb_column][et_pb_column type=&#8221;1_3&#8243; _builder_version=&#8221;3.19.14&#8243;][et_pb_text _builder_version=&#8221;3.19.14&#8243;]<\/p>\n<h1 style=\"text-align: center;\"><strong>BLI M\u00c5NADSGIVARE<\/strong><\/h1>\n<p>[\/et_pb_text][et_pb_text _builder_version=&#8221;3.19.14&#8243;]<\/p>\n<p>H\u00f6r av dig till oss p\u00e5 80-6089600 eller via mail <a href=\"mailto:info@tvinter.se\">info@tvinter.se<\/a>\u00a0s\u00e5 skickar vi en blankett.<\/p>\n<p>[\/et_pb_text][\/et_pb_column][\/et_pb_row][\/et_pb_section][et_pb_section fb_built=&#8221;1&#8243; _builder_version=&#8221;3.19.14&#8243; background_color=&#8221;#f2f2f2&#8243;][et_pb_row _builder_version=&#8221;3.19.14&#8243;][et_pb_column type=&#8221;1_2&#8243; _builder_version=&#8221;3.19.14&#8243;][et_pb_image src=&#8221;https:\/\/tvinter.se\/wp-content\/uploads\/2022\/04\/90_konto-ro\u0308d.png&#8221; _builder_version=&#8221;3.19.14&#8243;][\/et_pb_image][\/et_pb_column][et_pb_column type=&#8221;1_2&#8243; _builder_version=&#8221;3.19.14&#8243;][et_pb_text _builder_version=&#8221;3.19.14&#8243;]<\/p>\n<p><span>V\u00e5r verksamhet granskas av Svensk Insamlingskontroll som \u00e4r en oberoende ideell organisation som i givarens intresse arbetar med kontroll av att insamlade medel anv\u00e4nds till r\u00e4tt \u00e4ndam\u00e5l.<\/span><\/p>\n<p><span>D\u00e4rf\u00f6r kan du vara trygg med att din g\u00e5va g\u00e5r dit den ska.<\/span><\/p>\n<p>[\/et_pb_text][\/et_pb_column][\/et_pb_row][\/et_pb_section]<\/p>\n","protected":false},"excerpt":{"rendered":"<p>St\u00f6d ossDitt st\u00f6d g\u00f6r skillnad! Tack vare m\u00e5nga trogna givare kan vi forts\u00e4tta producera och s\u00e4nda kristen TV f\u00f6r att n\u00e5 m\u00e4nniskor med evangeliet om Jesus.SWISH9006206BANKGIRO90 06 20-6BLI M\u00c5NADSGIVAREH\u00f6r av dig till oss p\u00e5 80-6089600 eller via mail info@tvinter.se\u00a0s\u00e5 skickar vi en blankett.V\u00e5r verksamhet granskas av Svensk Insamlingskontroll som \u00e4r en oberoende ideell organisation som [&hellip;]<\/p>\n","protected":false},"author":2,"featured_media":0,"parent":0,"menu_order":0,"comment_status":"closed","ping_status":"closed","template":"","meta":{"_et_pb_use_builder":"on","_et_pb_old_content":"","_et_gb_content_width":"","footnotes":""},"class_list":["post-17","page","type-page","status-publish","hentry"],"_links":{"self":[{"href":"https:\/\/tvinter.se\/index.php?rest_route=\/wp\/v2\/pages\/17","targetHints":{"allow":["GET"]}}],"collection":[{"href":"https:\/\/tvinter.se\/index.php?rest_route=\/wp\/v2\/pages"}],"about":[{"href":"https:\/\/tvinter.se\/index.php?rest_route=\/wp\/v2\/types\/page"}],"author":[{"embeddable":true,"href":"https:\/\/tvinter.se\/index.php?rest_route=\/wp\/v2\/users\/2"}],"replies":[{"embeddable":true,"href":"https:\/\/tvinter.se\/index.php?rest_route=%2Fwp%2Fv2%2Fcomments&post=17"}],"version-history":[{"count":19,"href":"https:\/\/tvinter.se\/index.php?rest_route=\/wp\/v2\/pages\/17\/revisions"}],"predecessor-version":[{"id":118,"href":"https:\/\/tvinter.se\/index.php?rest_route=\/wp\/v2\/pages\/17\/revisions\/118"}],"wp:attachment":[{"href":"https:\/\/tvinter.se\/index.php?rest_route=%2Fwp%2Fv2%2Fmedia&parent=17"}],"curies":[{"name":"wp","href":"https:\/\/api.w.org\/{rel}","templated":true}]}}